{"id":11067,"date":"2017-05-05T15:22:08","date_gmt":"2017-05-05T15:22:08","guid":{"rendered":"https:\/\/auxilium.appydevelopment.com\/o-nama\/"},"modified":"2024-03-22T14:00:24","modified_gmt":"2024-03-22T14:00:24","slug":"about-us","status":"publish","type":"page","link":"https:\/\/nekretnine-auxilium.hr\/en\/about-us\/","title":{"rendered":"About Us"},"content":{"rendered":"<section class=\"wpb-content-wrapper\"><p>[vc_row][vc_column css=&#8221;.vc_custom_1512407858131{padding-top: 12px !important;padding-bottom: 24px !important;}&#8221;][vc_row_inner][vc_column_inner width=&#8221;1\/2&#8243;]\r\n    <div class=\"\"\r\n         style=\"text-align:center;\">\r\n        <i class=\"flaticon-office mh-color-default\"\r\n           style=\"font-size:50px;\"><\/i>\r\n    <\/div>\r\n\r\n<div class=\" \">\r\n\t\r\n        <div class=\"mh-heading-wrapper\">\r\n            <h3            class=\"mh-heading  mh-heading--bottom-separator    vc_custom_1710348664361\"\r\n            style=\"font-weight:700;\">\r\n\t\t\tAbout Agency        <\/h3>\r\n\r\n\t\t            <div class=\"mh-subheading \"\r\n                 style=\"\">\r\n\t\t\t\tThe agency Auxilium Nekretnine, based in Primo\u0161ten, deals with the purchase and sale of real estate in Dalmatia.            <\/div>\r\n\t\t    <\/div>\r\n\r\n\t<\/div>[\/vc_column_inner][vc_column_inner width=&#8221;1\/2&#8243;]\r\n    <div class=\"\"\r\n         style=\"text-align:center;\">\r\n        <i class=\"flaticon-technology mh-color-default\"\r\n           style=\"font-size:50px;\"><\/i>\r\n    <\/div>\r\n\r\n<div class=\" \">\r\n\t\r\n        <div class=\"mh-heading-wrapper\">\r\n            <h3            class=\"mh-heading  mh-heading--bottom-separator    vc_custom_1710348690895\"\r\n            style=\"font-weight:700;\">\r\n\t\t\tOur mission        <\/h3>\r\n\r\n\t\t            <div class=\"mh-subheading \"\r\n                 style=\"\">\r\n\t\t\t\tFacilitate the process of selling, searching and buying real estate, providing realistic information and offering quality real estate. We specialize in luxury apartments, villas with swimming pools and exclusive locations by the sea in Dalmatia with great views...            <\/div>\r\n\t\t    <\/div>\r\n\r\n\t<\/div>[\/vc_column_inner][\/vc_row_inner][\/vc_column][\/vc_row][vc_row full_width=&#8221;stretch_row_content_no_spaces&#8221; equal_height=&#8221;yes&#8221; content_placement=&#8221;middle&#8221; css=&#8221;.vc_custom_1496137208354{background-color: #f4f4f4 !important;}&#8221;][vc_column width=&#8221;1\/2&#8243; css=&#8221;.vc_custom_1711116022337{padding-top: 0px !important;background-image: url(https:\/\/nekretnine-auxilium.hr\/wp-content\/uploads\/2024\/02\/59bf2c17-0317-4b8c-86f8-b4a84dab9a2d__DSC2533.jpg?id=9597) !important;background-position: center !important;background-repeat: no-repeat !important;background-size: cover !important;}&#8221; el_class=&#8221;mh-2-col-image-bg&#8221;][\/vc_column][vc_column width=&#8221;1\/2&#8243; css=&#8221;.vc_custom_1496231457062{padding-top: 0px !important;}&#8221; el_class=&#8221;mh-2-col-text&#8221;]<div class=\"mh-heading-wrapper--left \">\r\n\t\r\n        <div class=\"mh-heading-wrapper\">\r\n            <h2            class=\"mh-heading  mh-heading--bottom-separator   \"\r\n            style=\"font-weight:700;\">\r\n\t\t\tWho we are!        <\/h2>\r\n\r\n\t\t    <\/div>\r\n\r\n\t<\/div>[vc_column_text el_class=&#8221;mh-font-size-m&#8221;]We can only say that we will do our best to make the process of searching for and buying a property as easy as possible, and above all to explain the real state of things, because it is the first and most important step in the buying process itself. Regardless of whether you are a real estate buyer, seller or just interested in something related to this topic, feel free to contact us and you will receive an answer &#8220;on Wednesday&#8221; as we say in Dalmatia. We offer only properties that, in our humble opinion, have a real value or at least close to real value, and we never include real estate in our offer just to have a lot of offers.<\/p>\n<p>We specialize in more luxurious apartments, newly built villas with swimming pools, houses in the first row to the sea, land in the first row to the sea or with a great view, etc&#8230;<\/p>\n<p>Please note that our entire offer is not on the website to protect some of our customers so please feel free to send us your inquiry as we may have just what you are looking for.<\/p>\n<p>We offer houses, villas, apartments in Vodice, Tribunj, Murter, \u0160ibenik, Brodarica, \u017dabori\u0107, Greba\u0161tica, Primo\u0161ten, Rogoznica, Ra\u017enje, Vini\u0161\u0107e, Seget Vranjica.[\/vc_column_text]<div style=\"text-align:left;\"\r\n\t class=\"\">\r\n\t<a href=\"https:\/\/nekretnine-auxilium.hr\/en\/nekretnine\"\r\n\t   class=\"mdl-button mdl-js-button mdl-button--raised mdl-button--primary-ghost \"\r\n\t   title=\"Start searching properties\"\r\n\t   target=\"_self\"\r\n\t>\r\n\t\tStart searching properties\t<\/a>\r\n<\/div>[\/vc_column][\/vc_row][vc_row full_width=&#8221;stretch_row&#8221;][vc_column css=&#8221;.vc_custom_1494338314650{padding-top: 39px !important;padding-bottom: 24px !important;}&#8221;]<div class=\" \">\r\n\t\r\n        <div class=\"mh-heading-wrapper\">\r\n            <h2            class=\"mh-heading  mh-heading--bottom-separator   \"\r\n            style=\"font-weight:700;\">\r\n\t\t\tTestimonials        <\/h2>\r\n\r\n\t\t    <\/div>\r\n\r\n\t<\/div>[\/vc_column][\/vc_row][vc_row full_width=&#8221;stretch_row&#8221; disable_element=&#8221;yes&#8221;][vc_column css=&#8221;.vc_custom_1494609686462{padding-top: 39px !important;padding-bottom: 24px !important;}&#8221;]<div class=\" \">\r\n\t\r\n        <div class=\"mh-heading-wrapper\">\r\n            <h2            class=\"mh-heading  mh-heading--bottom-separator   \"\r\n            style=\"font-weight:700;\">\r\n\t\t\tMore Info        <\/h2>\r\n\r\n\t\t    <\/div>\r\n\r\n\t<\/div>[vc_row_inner css=&#8221;.vc_custom_1530552194144{margin-right: -6px !important;margin-left: -6px !important;}&#8221;][vc_column_inner width=&#8221;1\/3&#8243; css=&#8221;.vc_custom_1530552068359{padding-right: 6px !important;padding-left: 6px !important;}&#8221;]<article class=\"mh-service  \">\r\n\t        <a href=\"#\"\r\n           title=\"New York Office\"\r\n           class=\"mh-service__image-wrapper\">\r\n\t\t\t\t\t<img\r\n\t\t\t\t\t\t\tsrc=\"\"\r\n\t\t\t\t\t\talt=\"New York Office\"\r\n\t\t>\r\n\t\t        <\/a>\r\n\t    <div class=\"mh-service__inner\">\r\n        <h3 class=\"mh-service__heading\">\r\n            <a href=\"#\"\r\n               title=\"New York Office\">\r\n\t\t\t\tNew York Office            <\/a>\r\n        <\/h3>\r\n\r\n        <div class=\"mh-service__content\">\r\n\t\t\t<p>[vc_column_text]<\/p>\n<div class=\"mh-simple-box__text mh-color-default\">\n<p>How the adventure ended will be seen anon. Aouda was anxious, though she said nothing. As for Passepartout, he thought Mr. Fogg\u2019s manoeuvre simply glorious.<\/p>\n<\/div>\n<p>[\/vc_column_text]<\/p>\n        <\/div>\r\n\r\n\t\t            <div class=\"mh-service__btn\">\r\n                <a href=\"#\"\r\n                   class=\"mdl-button mdl-js-button mdl-button--raised mdl-button--primary-ghost\"\r\n                   title=\"New York Office\">\r\n\t\t\t\t\tRead More                <\/a>\r\n            <\/div>\r\n\t\t\r\n    <\/div>\r\n<\/article>[\/vc_column_inner][vc_column_inner width=&#8221;1\/3&#8243; css=&#8221;.vc_custom_1530552095266{padding-right: 6px !important;padding-left: 6px !important;}&#8221;]<article class=\"mh-service  \">\r\n\t        <a href=\"#\"\r\n           title=\"Boston Office\"\r\n           class=\"mh-service__image-wrapper\">\r\n\t\t\t\t\t<img\r\n\t\t\t\t\t\t\tsrc=\"\"\r\n\t\t\t\t\t\talt=\"Boston Office\"\r\n\t\t>\r\n\t\t        <\/a>\r\n\t    <div class=\"mh-service__inner\">\r\n        <h3 class=\"mh-service__heading\">\r\n            <a href=\"#\"\r\n               title=\"Boston Office\">\r\n\t\t\t\tBoston Office            <\/a>\r\n        <\/h3>\r\n\r\n        <div class=\"mh-service__content\">\r\n\t\t\t<p>[vc_column_text]<\/p>\n<div class=\"mh-simple-box__text mh-color-default\">\n<p>How the adventure ended will be seen anon. Aouda was anxious, though she said nothing. As for Passepartout, he thought Mr. Fogg\u2019s manoeuvre simply glorious.<\/p>\n<\/div>\n<p>[\/vc_column_text]<\/p>\n        <\/div>\r\n\r\n\t\t            <div class=\"mh-service__btn\">\r\n                <a href=\"#\"\r\n                   class=\"mdl-button mdl-js-button mdl-button--raised mdl-button--primary-ghost\"\r\n                   title=\"Boston Office\">\r\n\t\t\t\t\tRead More                <\/a>\r\n            <\/div>\r\n\t\t\r\n    <\/div>\r\n<\/article>[\/vc_column_inner][vc_column_inner width=&#8221;1\/3&#8243; css=&#8221;.vc_custom_1530552114070{padding-right: 6px !important;padding-left: 6px !important;}&#8221;]<article class=\"mh-service  \">\r\n\t        <a href=\"#\"\r\n           title=\"Chicago Office\"\r\n           class=\"mh-service__image-wrapper\">\r\n\t\t\t\t\t<img\r\n\t\t\t\t\t\t\tsrc=\"\"\r\n\t\t\t\t\t\talt=\"Chicago Office\"\r\n\t\t>\r\n\t\t        <\/a>\r\n\t    <div class=\"mh-service__inner\">\r\n        <h3 class=\"mh-service__heading\">\r\n            <a href=\"#\"\r\n               title=\"Chicago Office\">\r\n\t\t\t\tChicago Office            <\/a>\r\n        <\/h3>\r\n\r\n        <div class=\"mh-service__content\">\r\n\t\t\t<p>[vc_column_text]How the adventure ended will be seen anon. Aouda was anxious, though she said nothing. As for Passepartout, he thought Mr. Fogg\u2019s manoeuvre simply glorious.[\/vc_column_text]<\/p>\n        <\/div>\r\n\r\n\t\t            <div class=\"mh-service__btn\">\r\n                <a href=\"#\"\r\n                   class=\"mdl-button mdl-js-button mdl-button--raised mdl-button--primary-ghost\"\r\n                   title=\"Chicago Office\">\r\n\t\t\t\t\tRead More                <\/a>\r\n            <\/div>\r\n\t\t\r\n    <\/div>\r\n<\/article>[\/vc_column_inner][\/vc_row_inner][\/vc_column][\/vc_row]<\/p>\n<\/section>","protected":false},"excerpt":{"rendered":"<p>[vc_row][vc_column css=&#8221;.vc_custom_1512407858131{padding-top: 12px !important;padding-bottom: 24px !important;}&#8221;][vc_row_inner][vc_column_inner width=&#8221;1\/2&#8243;][\/vc_column_inner][vc_column_inner width=&#8221;1\/2&#8243;][\/vc_column_inner][\/vc_row_inner][\/vc_column][\/vc_row][vc_row full_width=&#8221;stretch_row_content_no_spaces&#8221; equal_height=&#8221;yes&#8221; content_placement=&#8221;middle&#8221; css=&#8221;.vc_custom_1496137208354{background-color: #f4f4f4 !important;}&#8221;][vc_column width=&#8221;1\/2&#8243; css=&#8221;.vc_custom_1711116022337{padding-top: 0px !important;background-image: url(https:\/\/nekretnine-auxilium.hr\/wp-content\/uploads\/2024\/02\/59bf2c17-0317-4b8c-86f8-b4a84dab9a2d__DSC2533.jpg?id=9597) !important;background-position: center !important;background-repeat: no-repeat !important;background-size: cover !important;}&#8221; el_class=&#8221;mh-2-col-image-bg&#8221;][\/vc_column][vc_column width=&#8221;1\/2&#8243; css=&#8221;.vc_custom_1496231457062{padding-top: 0px !important;}&#8221; el_class=&#8221;mh-2-col-text&#8221;][vc_column_text el_class=&#8221;mh-font-size-m&#8221;]We can only say that we will do our best to make the process of searching for and buying a property as easy [&hellip;]<\/p>\n","protected":false},"author":1,"featured_media":0,"parent":0,"menu_order":0,"comment_status":"closed","ping_status":"closed","template":"page_full-width-with-top-title.php","meta":{"footnotes":""},"class_list":["post-11067","page","type-page","status-publish","hentry"],"acf":[],"_links":{"self":[{"href":"https:\/\/nekretnine-auxilium.hr\/en\/wp-json\/wp\/v2\/pages\/11067","targetHints":{"allow":["GET"]}}],"collection":[{"href":"https:\/\/nekretnine-auxilium.hr\/en\/wp-json\/wp\/v2\/pages"}],"about":[{"href":"https:\/\/nekretnine-auxilium.hr\/en\/wp-json\/wp\/v2\/types\/page"}],"author":[{"embeddable":true,"href":"https:\/\/nekretnine-auxilium.hr\/en\/wp-json\/wp\/v2\/users\/1"}],"replies":[{"embeddable":true,"href":"https:\/\/nekretnine-auxilium.hr\/en\/wp-json\/wp\/v2\/comments?post=11067"}],"version-history":[{"count":4,"href":"https:\/\/nekretnine-auxilium.hr\/en\/wp-json\/wp\/v2\/pages\/11067\/revisions"}],"predecessor-version":[{"id":11246,"href":"https:\/\/nekretnine-auxilium.hr\/en\/wp-json\/wp\/v2\/pages\/11067\/revisions\/11246"}],"wp:attachment":[{"href":"https:\/\/nekretnine-auxilium.hr\/en\/wp-json\/wp\/v2\/media?parent=11067"}],"curies":[{"name":"wp","href":"https:\/\/api.w.org\/{rel}","templated":true}]}}